{"id":11162,"date":"2023-12-05T12:14:40","date_gmt":"2023-12-05T17:14:40","guid":{"rendered":"https:\/\/www.allenfield.com\/?page_id=11162"},"modified":"2024-05-22T15:18:29","modified_gmt":"2024-05-22T19:18:29","slug":"stable-stack-clip","status":"publish","type":"page","link":"https:\/\/www.allenfield.com\/es\/video-gallery\/stable-stack-clip\/","title":{"rendered":"Clip apilable estable"},"content":{"rendered":"<div class=\"wpb-content-wrapper\"><div class=\"vc_row wpb_row vc_row-fluid\"><div class=\"wpb_column vc_column_container vc_col-sm-12\"><div class=\"vc_column-inner\"><div class=\"wpb_wrapper\">\n\t<div class=\"wpb_video_widget wpb_content_element vc_clearfix   vc_video-aspect-ratio-169 vc_video-el-width-70 vc_video-align-center\" >\n\t\t<div class=\"wpb_wrapper\">\n\t\t\t\n\t\t\t<div class=\"wpb_video_wrapper\"><iframe title=\"Stable Stack Clip\" src=\"https:\/\/player.vimeo.com\/video\/948732423?dnt=1&amp;app_id=122963\" width=\"413\" height=\"310\" frameborder=\"0\" allow=\"autoplay; fullscreen; picture-in-picture; clipboard-write\"><\/iframe><\/div>\n\t\t<\/div>\n\t<\/div>\n<\/div><\/div><\/div><\/div><div class=\"vc_row wpb_row vc_row-fluid\"><div class=\"wpb_column vc_column_container vc_col-sm-12\"><div class=\"vc_column-inner\"><div class=\"wpb_wrapper\">\n\t<div class=\"wpb_text_column wpb_content_element vc_custom_1716319706204\" >\n\t\t<div class=\"wpb_wrapper\">\n\t\t\t<p>Enhance the strength and stability of your heavy packaging with Allen Field\u2019s Stable Stack Clips. Designed for easy use, simply insert the clips through cut-outs on the corrugated walls and slide wooden support boards vertically into each pair from inside the box. This reinforcement stabilizes the walls, creating stackable packaging in just a few steps.<\/p>\n<h3 style=\"text-align: center;\">Speak with an expert and get your next project started today!<\/h3>\n\n\t\t<\/div>\n\t<\/div>\n<div class=\"vc_separator wpb_content_element vc_separator_align_center vc_sep_width_100 vc_sep_border_width_4 vc_sep_pos_align_center vc_separator_no_text vc_sep_color_white wpb_content_element  wpb_content_element\" ><span class=\"vc_sep_holder vc_sep_holder_l\"><span class=\"vc_sep_line\"><\/span><\/span><span class=\"vc_sep_holder vc_sep_holder_r\"><span class=\"vc_sep_line\"><\/span><\/span>\n<\/div><div class=\"vc_separator wpb_content_element vc_separator_align_center vc_sep_width_100 vc_sep_border_width_4 vc_sep_pos_align_center vc_separator_no_text vc_sep_color_white wpb_content_element  wpb_content_element\" ><span class=\"vc_sep_holder vc_sep_holder_l\"><span class=\"vc_sep_line\"><\/span><\/span><span class=\"vc_sep_holder vc_sep_holder_r\"><span class=\"vc_sep_line\"><\/span><\/span>\n<\/div><\/div><\/div><\/div><\/div><div class=\"vc_row wpb_row vc_row-fluid\"><div class=\"wpb_column vc_column_container vc_col-sm-12 vc_col-lg-offset-0 vc_col-lg-12 vc_col-md-offset-0 vc_col-md-12 vc_col-sm-offset-0 vc_col-xs-12\"><div class=\"vc_column-inner vc_custom_1694554684042\"><div class=\"wpb_wrapper\">\n\t<div class=\"wpb_raw_code wpb_raw_html wpb_content_element\" >\n\t\t<div class=\"wpb_wrapper\">\n\t\t\t<div style=\"margin-top: -40px;\"><script type=\"text\/javascript\">\nvar refer = \"\"\n    var url = window.location.href.split('?')\n    var mainUrl = url[0]\n    if (url[1]){\n        var queryPieces = url[1].split('=').join('#').split('#')\n        for (let i = 0; i < queryPieces.length; i++){\n            if (queryPieces[i] == \"refer\"){\n                refer = queryPieces[i + 1]\n            }\n        }\n    }\n    var ss_form = {'account': 'MzawMLEwsjQwBwA', 'formID': 'BcGBDQAgCAOwi5YwmP4jOP8_wZapitsb9BhyGZ1TEEcrXt9DfQ'};\n    ss_form.width = '90%';\n    ss_form.domain = 'app-3QNN1W8PLE.marketingautomation.services';\nss_form.hidden = {'field_3896638467': mainUrl, 'field_200000006243331': refer};\n<\/script>\n<script type=\"text\/javascript\" src=\"https:\/\/koi-3QNN1W8PLE.marketingautomation.services\/client\/form.js?ver=2.0.1\"><\/script><\/div>\n\t\t<\/div>\n\t<\/div>\n<\/div><\/div><\/div><\/div>\n<\/div>","protected":false},"excerpt":{"rendered":"Aumente la resistencia y estabilidad de sus embalajes pesados con los clips de apilado estable de Allen Field. Dise\u00f1ados para un uso sencillo, basta con insertar los clips a trav\u00e9s de los recortes de las paredes onduladas y<p><a class=\"moretag\" href=\"https:\/\/www.allenfield.com\/es\/video-gallery\/stable-stack-clip\/\"> Seguir leyendo...<\/a><\/p>","protected":false},"author":15,"featured_media":0,"parent":9148,"menu_order":0,"comment_status":"closed","ping_status":"closed","template":"","meta":{"_acf_changed":false,"inline_featured_image":false,"footnotes":""},"class_list":["post-11162","page","type-page","status-publish","hentry"],"acf":[],"yoast_head":"<!-- This site is optimized with the Yoast SEO Premium plugin v27.4 (Yoast SEO v27.4) - https:\/\/yoast.com\/product\/yoast-seo-premium-wordpress\/ -->\n<title>Stable Stack Clip for Enhanced Packaging Stability - Allen Field<\/title>\n<meta name=\"description\" content=\"Discover Allen Field&#039;s Stable Stack Clip, designed to improve the strength and stability of heavy packaging. Quickly reinforce corrugated walls and create stackable boxes in a few simple steps. Watch our video to learn more!\" \/>\n<meta name=\"robots\" content=\"index, follow, max-snippet:-1, max-image-preview:large, max-video-preview:-1\" \/>\n<link rel=\"canonical\" href=\"https:\/\/www.allenfield.com\/es\/video-gallery\/stable-stack-clip\/\" \/>\n<meta property=\"og:locale\" content=\"es_MX\" \/>\n<meta property=\"og:type\" content=\"article\" \/>\n<meta property=\"og:title\" content=\"Stable Stack Clip\" \/>\n<meta property=\"og:description\" content=\"Discover Allen Field&#039;s Stable Stack Clip, designed to improve the strength and stability of heavy packaging. Quickly reinforce corrugated walls and create stackable boxes in a few simple steps. Watch our video to learn more!\" \/>\n<meta property=\"og:url\" content=\"https:\/\/www.allenfield.com\/es\/video-gallery\/stable-stack-clip\/\" \/>\n<meta property=\"og:site_name\" content=\"Allen Field\" \/>\n<meta property=\"article:publisher\" content=\"https:\/\/www.facebook.com\/AllenFieldCompany\" \/>\n<meta property=\"article:modified_time\" content=\"2024-05-22T19:18:29+00:00\" \/>\n<meta property=\"og:image\" content=\"https:\/\/www.allenfield.com\/wp-content\/uploads\/2023\/10\/og-generic.png\" \/>\n\t<meta property=\"og:image:width\" content=\"1200\" \/>\n\t<meta property=\"og:image:height\" content=\"628\" \/>\n\t<meta property=\"og:image:type\" content=\"image\/png\" \/>\n<meta name=\"twitter:card\" content=\"summary_large_image\" \/>\n<meta name=\"twitter:site\" content=\"@AllenField\" \/>\n<script type=\"application\/ld+json\" class=\"yoast-schema-graph\">{\"@context\":\"https:\\\/\\\/schema.org\",\"@graph\":[{\"@type\":\"WebPage\",\"@id\":\"https:\\\/\\\/www.allenfield.com\\\/video-gallery\\\/stable-stack-clip\\\/\",\"url\":\"https:\\\/\\\/www.allenfield.com\\\/video-gallery\\\/stable-stack-clip\\\/\",\"name\":\"Stable Stack Clip for Enhanced Packaging Stability - Allen Field\",\"isPartOf\":{\"@id\":\"https:\\\/\\\/www.allenfield.com\\\/#website\"},\"datePublished\":\"2023-12-05T17:14:40+00:00\",\"dateModified\":\"2024-05-22T19:18:29+00:00\",\"description\":\"Discover Allen Field's Stable Stack Clip, designed to improve the strength and stability of heavy packaging. Quickly reinforce corrugated walls and create stackable boxes in a few simple steps. Watch our video to learn more!\",\"breadcrumb\":{\"@id\":\"https:\\\/\\\/www.allenfield.com\\\/video-gallery\\\/stable-stack-clip\\\/#breadcrumb\"},\"inLanguage\":\"es\",\"potentialAction\":[{\"@type\":\"ReadAction\",\"target\":[\"https:\\\/\\\/www.allenfield.com\\\/video-gallery\\\/stable-stack-clip\\\/\"]}]},{\"@type\":\"BreadcrumbList\",\"@id\":\"https:\\\/\\\/www.allenfield.com\\\/video-gallery\\\/stable-stack-clip\\\/#breadcrumb\",\"itemListElement\":[{\"@type\":\"ListItem\",\"position\":1,\"name\":\"Home\",\"item\":\"https:\\\/\\\/www.allenfield.com\\\/\"},{\"@type\":\"ListItem\",\"position\":2,\"name\":\"Video Gallery\",\"item\":\"https:\\\/\\\/www.allenfield.com\\\/video-gallery\\\/\"},{\"@type\":\"ListItem\",\"position\":3,\"name\":\"Stable Stack Clip\"}]},{\"@type\":\"WebSite\",\"@id\":\"https:\\\/\\\/www.allenfield.com\\\/#website\",\"url\":\"https:\\\/\\\/www.allenfield.com\\\/\",\"name\":\"Allen Field\",\"description\":\"Simply Brilliant Packaging Components\",\"publisher\":{\"@id\":\"https:\\\/\\\/www.allenfield.com\\\/#organization\"},\"potentialAction\":[{\"@type\":\"SearchAction\",\"target\":{\"@type\":\"EntryPoint\",\"urlTemplate\":\"https:\\\/\\\/www.allenfield.com\\\/?s={search_term_string}\"},\"query-input\":{\"@type\":\"PropertyValueSpecification\",\"valueRequired\":true,\"valueName\":\"search_term_string\"}}],\"inLanguage\":\"es\"},{\"@type\":\"Organization\",\"@id\":\"https:\\\/\\\/www.allenfield.com\\\/#organization\",\"name\":\"Allen Field\",\"url\":\"https:\\\/\\\/www.allenfield.com\\\/\",\"logo\":{\"@type\":\"ImageObject\",\"inLanguage\":\"es\",\"@id\":\"https:\\\/\\\/www.allenfield.com\\\/#\\\/schema\\\/logo\\\/image\\\/\",\"url\":\"https:\\\/\\\/www.allenfield.com\\\/wp-content\\\/uploads\\\/2022\\\/06\\\/allenfield-logo-2022.svg\",\"contentUrl\":\"https:\\\/\\\/www.allenfield.com\\\/wp-content\\\/uploads\\\/2022\\\/06\\\/allenfield-logo-2022.svg\",\"width\":\"1024\",\"height\":\"1024\",\"caption\":\"Allen Field\"},\"image\":{\"@id\":\"https:\\\/\\\/www.allenfield.com\\\/#\\\/schema\\\/logo\\\/image\\\/\"},\"sameAs\":[\"https:\\\/\\\/www.facebook.com\\\/AllenFieldCompany\",\"https:\\\/\\\/x.com\\\/AllenField\",\"https:\\\/\\\/www.linkedin.com\\\/company\\\/allen-field-company-inc.\",\"https:\\\/\\\/www.pinterest.com\\\/allenfieldco\\\/\",\"https:\\\/\\\/www.youtube.com\\\/channel\\\/UCb_ZBB7DJCTkgvRMoqJy-TQ\"],\"description\":\"Allen Field designs and supplies innovative, high-quality packaging components\u2014plastic handles, box-connecting clips, wheels, and display hardware\u2014backed by in-house engineering. Sustainable options include biodegradable, reusable, and recycled-content plastics, plus fully recyclable, all-natural paper\\\/Kraft. With global reach, deep inventory, and custom design, we help brands streamline packaging, cut waste, and elevate presentation.\",\"email\":\"info@allenfield.com\",\"telephone\":\"800-535-0810\",\"foundingDate\":\"1945-08-30\",\"numberOfEmployees\":{\"@type\":\"QuantitativeValue\",\"minValue\":\"11\",\"maxValue\":\"50\"}}]}<\/script>\n<!-- \/ Yoast SEO Premium plugin. -->","yoast_head_json":{"title":"Clip de apilado estable para mejorar la estabilidad del envase - Allen Field","description":"Descubra Stable Stack Clip de Allen Field, dise\u00f1ado para mejorar la resistencia y estabilidad de embalajes pesados. Refuerce r\u00e1pidamente las paredes de cart\u00f3n ondulado y cree cajas apilables en unos sencillos pasos. Vea nuestro v\u00eddeo para obtener m\u00e1s informaci\u00f3n.","robots":{"index":"index","follow":"follow","max-snippet":"max-snippet:-1","max-image-preview":"max-image-preview:large","max-video-preview":"max-video-preview:-1"},"canonical":"https:\/\/www.allenfield.com\/es\/video-gallery\/stable-stack-clip\/","og_locale":"es_MX","og_type":"article","og_title":"Stable Stack Clip","og_description":"Discover Allen Field's Stable Stack Clip, designed to improve the strength and stability of heavy packaging. Quickly reinforce corrugated walls and create stackable boxes in a few simple steps. Watch our video to learn more!","og_url":"https:\/\/www.allenfield.com\/es\/video-gallery\/stable-stack-clip\/","og_site_name":"Allen Field","article_publisher":"https:\/\/www.facebook.com\/AllenFieldCompany","article_modified_time":"2024-05-22T19:18:29+00:00","og_image":[{"width":1200,"height":628,"url":"https:\/\/www.allenfield.com\/wp-content\/uploads\/2023\/10\/og-generic.png","type":"image\/png"}],"twitter_card":"summary_large_image","twitter_site":"@AllenField","schema":{"@context":"https:\/\/schema.org","@graph":[{"@type":"WebPage","@id":"https:\/\/www.allenfield.com\/video-gallery\/stable-stack-clip\/","url":"https:\/\/www.allenfield.com\/video-gallery\/stable-stack-clip\/","name":"Clip de apilado estable para mejorar la estabilidad del envase - Allen Field","isPartOf":{"@id":"https:\/\/www.allenfield.com\/#website"},"datePublished":"2023-12-05T17:14:40+00:00","dateModified":"2024-05-22T19:18:29+00:00","description":"Descubra Stable Stack Clip de Allen Field, dise\u00f1ado para mejorar la resistencia y estabilidad de embalajes pesados. Refuerce r\u00e1pidamente las paredes de cart\u00f3n ondulado y cree cajas apilables en unos sencillos pasos. Vea nuestro v\u00eddeo para obtener m\u00e1s informaci\u00f3n.","breadcrumb":{"@id":"https:\/\/www.allenfield.com\/video-gallery\/stable-stack-clip\/#breadcrumb"},"inLanguage":"es","potentialAction":[{"@type":"ReadAction","target":["https:\/\/www.allenfield.com\/video-gallery\/stable-stack-clip\/"]}]},{"@type":"BreadcrumbList","@id":"https:\/\/www.allenfield.com\/video-gallery\/stable-stack-clip\/#breadcrumb","itemListElement":[{"@type":"ListItem","position":1,"name":"Home","item":"https:\/\/www.allenfield.com\/"},{"@type":"ListItem","position":2,"name":"Video Gallery","item":"https:\/\/www.allenfield.com\/video-gallery\/"},{"@type":"ListItem","position":3,"name":"Stable Stack Clip"}]},{"@type":"WebSite","@id":"https:\/\/www.allenfield.com\/#website","url":"https:\/\/www.allenfield.com\/","name":"Campo Allen","description":"Componentes de envasado Simply Brilliant","publisher":{"@id":"https:\/\/www.allenfield.com\/#organization"},"potentialAction":[{"@type":"SearchAction","target":{"@type":"EntryPoint","urlTemplate":"https:\/\/www.allenfield.com\/?s={search_term_string}"},"query-input":{"@type":"PropertyValueSpecification","valueRequired":true,"valueName":"search_term_string"}}],"inLanguage":"es"},{"@type":"Organization","@id":"https:\/\/www.allenfield.com\/#organization","name":"Campo Allen","url":"https:\/\/www.allenfield.com\/","logo":{"@type":"ImageObject","inLanguage":"es","@id":"https:\/\/www.allenfield.com\/#\/schema\/logo\/image\/","url":"https:\/\/www.allenfield.com\/wp-content\/uploads\/2022\/06\/allenfield-logo-2022.svg","contentUrl":"https:\/\/www.allenfield.com\/wp-content\/uploads\/2022\/06\/allenfield-logo-2022.svg","width":"1024","height":"1024","caption":"Allen Field"},"image":{"@id":"https:\/\/www.allenfield.com\/#\/schema\/logo\/image\/"},"sameAs":["https:\/\/www.facebook.com\/AllenFieldCompany","https:\/\/x.com\/AllenField","https:\/\/www.linkedin.com\/company\/allen-field-company-inc.","https:\/\/www.pinterest.com\/allenfieldco\/","https:\/\/www.youtube.com\/channel\/UCb_ZBB7DJCTkgvRMoqJy-TQ"],"description":"Allen Field dise\u00f1a y suministra componentes de embalaje innovadores y de alta calidad -asas de pl\u00e1stico, clips de conexi\u00f3n de cajas, ruedas y herrajes de exposici\u00f3n- respaldados por ingenier\u00eda propia. Las opciones sostenibles incluyen pl\u00e1sticos biodegradables, reutilizables y de contenido reciclado, adem\u00e1s de papel\/Kraft totalmente reciclable y natural. Con un alcance global, un amplio inventario y un dise\u00f1o personalizado, ayudamos a las marcas a racionalizar los envases, reducir los residuos y mejorar la presentaci\u00f3n.","email":"info@allenfield.com","telephone":"800-535-0810","foundingDate":"1945-08-30","numberOfEmployees":{"@type":"QuantitativeValue","minValue":"11","maxValue":"50"}}]}},"_links":{"self":[{"href":"https:\/\/www.allenfield.com\/es\/wp-json\/wp\/v2\/pages\/11162","targetHints":{"allow":["GET"]}}],"collection":[{"href":"https:\/\/www.allenfield.com\/es\/wp-json\/wp\/v2\/pages"}],"about":[{"href":"https:\/\/www.allenfield.com\/es\/wp-json\/wp\/v2\/types\/page"}],"author":[{"embeddable":true,"href":"https:\/\/www.allenfield.com\/es\/wp-json\/wp\/v2\/users\/15"}],"replies":[{"embeddable":true,"href":"https:\/\/www.allenfield.com\/es\/wp-json\/wp\/v2\/comments?post=11162"}],"version-history":[{"count":0,"href":"https:\/\/www.allenfield.com\/es\/wp-json\/wp\/v2\/pages\/11162\/revisions"}],"up":[{"embeddable":true,"href":"https:\/\/www.allenfield.com\/es\/wp-json\/wp\/v2\/pages\/9148"}],"wp:attachment":[{"href":"https:\/\/www.allenfield.com\/es\/wp-json\/wp\/v2\/media?parent=11162"}],"curies":[{"name":"wp","href":"https:\/\/api.w.org\/{rel}","templated":true}]}}