{"id":13986,"date":"2019-08-18T05:51:36","date_gmt":"2019-08-18T09:51:36","guid":{"rendered":"https:\/\/www.allenfield.com\/?page_id=13986"},"modified":"2026-03-31T14:52:12","modified_gmt":"2026-03-31T18:52:12","slug":"packaging-challenges","status":"publish","type":"page","link":"https:\/\/www.allenfield.com\/es\/packaging-challenges\/","title":{"rendered":"Desaf\u00edos del empaque"},"content":{"rendered":"<div class=\"wpb-content-wrapper\"><div class=\"vc_row wpb_row vc_row-fluid\"><div class=\"wpb_column vc_column_container vc_col-sm-12\"><div class=\"vc_column-inner\"><div class=\"wpb_wrapper\"><div class=\"vc_separator wpb_content_element vc_separator_align_center vc_sep_width_100 vc_sep_pos_align_center vc_separator_no_text vc_sep_color_white wpb_content_element  wpb_content_element\" ><span class=\"vc_sep_holder vc_sep_holder_l\"><span class=\"vc_sep_line\"><\/span><\/span><span class=\"vc_sep_holder vc_sep_holder_r\"><span class=\"vc_sep_line\"><\/span><\/span>\n<\/div><\/div><\/div><\/div><\/div><div class=\"vc_row wpb_row vc_row-fluid\"><div class=\"wpb_column vc_column_container vc_col-sm-4\"><div class=\"vc_column-inner\"><div class=\"wpb_wrapper\"><div class=\"vc-hoverbox-wrapper  hover-center vc-hoverbox-shape--rounded vc-hoverbox-align--center vc-hoverbox-direction--default vc-hoverbox-width--100\"  ontouchstart=\"\">\n  <div class=\"vc-hoverbox\">\n    <div class=\"vc-hoverbox-inner\">\n      <div class=\"vc-hoverbox-block vc-hoverbox-front\" style=\"background-image: url(https:\/\/www.allenfield.com\/wp-content\/uploads\/2026\/02\/Damage-In-Transit-background-1.png);\">\n        <div class=\"vc-hoverbox-block-inner vc-hoverbox-front-inner\">\n            <h2 style=\"color: #FFFFFF;text-align: center\" class=\"vc_custom_heading vc_do_custom_heading\">Da\u00f1os durante el transporte<\/h2>\n        <\/div>\n      <\/div>\n      <div class=\"vc-hoverbox-block vc-hoverbox-back\" style=\"background-color: #ebebeb;\">\n        <div class=\"vc-hoverbox-block-inner vc-hoverbox-back-inner\">\n            <h2 style=\"text-align:center\">El reto<\/h2>\n            <p><span style=\"font-weight: 400;\">Un empaque da\u00f1ado no solo perjudica la presentaci\u00f3n, sino que tambi\u00e9n genera preocupaciones inmediatas sobre lo que puede estar pasando dentro de la caja.<\/span><\/p>\n\n            <div class=\"vc_btn3-container vc_btn3-center vc_do_btn\" ><a style=\"background-color:#EE5D2E; color:#FFFFFF;\" class=\"vc_general vc_btn3 vc_btn3-size-lg vc_btn3-shape-round vc_btn3-style-custom vc_btn3-icon-right\" href=\"https:\/\/www.allenfield.com\/es\/damage-in-transit\/\" title=\"Da\u00f1os durante el transporte\" target=\"_blank\">Arr\u00e9glalo. <i class=\"vc_btn3-icon fa fa-solid fa-square-up-right\"><\/i><\/a><\/div>\n        <\/div>\n      <\/div>\n    <\/div>\n  <\/div>\n<\/div><\/div><\/div><\/div><div class=\"wpb_column vc_column_container vc_col-sm-4\"><div class=\"vc_column-inner\"><div class=\"wpb_wrapper\"><div class=\"vc-hoverbox-wrapper  hover-center vc-hoverbox-shape--rounded vc-hoverbox-align--center vc-hoverbox-direction--default vc-hoverbox-width--100\"  ontouchstart=\"\">\n  <div class=\"vc-hoverbox\">\n    <div class=\"vc-hoverbox-inner\">\n      <div class=\"vc-hoverbox-block vc-hoverbox-front\" style=\"background-image: url(https:\/\/www.allenfield.com\/wp-content\/uploads\/2026\/02\/Assembly-Bottleneck-background.png);\">\n        <div class=\"vc-hoverbox-block-inner vc-hoverbox-front-inner\">\n            <h2 style=\"color: #FFFFFF;text-align: center\" class=\"vc_custom_heading vc_do_custom_heading\">Cuello de botella en el ensamblaje<\/h2>\n        <\/div>\n      <\/div>\n      <div class=\"vc-hoverbox-block vc-hoverbox-back\" style=\"background-color: #ebebeb;\">\n        <div class=\"vc-hoverbox-block-inner vc-hoverbox-back-inner\">\n            <h2 style=\"text-align:center\">El reto<\/h2>\n            <p><span style=\"font-weight: 400;\">Nada ralentiza m\u00e1s una l\u00ednea de producci\u00f3n que cuando el empaque se convierte en el cuello de botella en lugar del paso final. <\/span><\/p>\n\n            <div class=\"vc_btn3-container vc_btn3-center vc_do_btn\" ><a style=\"background-color:#EE5D2E; color:#FFFFFF;\" class=\"vc_general vc_btn3 vc_btn3-size-lg vc_btn3-shape-round vc_btn3-style-custom vc_btn3-icon-right\" href=\"https:\/\/www.allenfield.com\/es\/assembly-bottleneck\/\" title=\"Cuello de botella en el ensamblaje\" target=\"_blank\">Arr\u00e9glalo. <i class=\"vc_btn3-icon fa fa-solid fa-square-up-right\"><\/i><\/a><\/div>\n        <\/div>\n      <\/div>\n    <\/div>\n  <\/div>\n<\/div><\/div><\/div><\/div><div class=\"wpb_column vc_column_container vc_col-sm-4\"><div class=\"vc_column-inner\"><div class=\"wpb_wrapper\"><div class=\"vc-hoverbox-wrapper  hover-center vc-hoverbox-shape--rounded vc-hoverbox-align--center vc-hoverbox-direction--default vc-hoverbox-width--100\"  ontouchstart=\"\">\n  <div class=\"vc-hoverbox\">\n    <div class=\"vc-hoverbox-inner\">\n      <div class=\"vc-hoverbox-block vc-hoverbox-front\" style=\"background-image: url(https:\/\/www.allenfield.com\/wp-content\/uploads\/2026\/02\/Reuse-Breakdowns-background.png);\">\n        <div class=\"vc-hoverbox-block-inner vc-hoverbox-front-inner\">\n            <h2 style=\"color: #FFFFFF;text-align: center\" class=\"vc_custom_heading vc_do_custom_heading\">Desglose de reutilizaciones<\/h2>\n        <\/div>\n      <\/div>\n      <div class=\"vc-hoverbox-block vc-hoverbox-back\" style=\"background-color: #ebebeb;\">\n        <div class=\"vc-hoverbox-block-inner vc-hoverbox-back-inner\">\n            <h2 style=\"text-align:center\">El reto<\/h2>\n            <p>Cuando los envases reutilizables no resisten la cadena de suministro, los problemas se acumulan r\u00e1pidamente, tanto a nivel operativo como financiero y de percepci\u00f3n.<\/p>\n\n            <div class=\"vc_btn3-container vc_btn3-center vc_do_btn\" ><a style=\"background-color:#EE5D2E; color:#FFFFFF;\" class=\"vc_general vc_btn3 vc_btn3-size-lg vc_btn3-shape-round vc_btn3-style-custom vc_btn3-icon-right\" href=\"https:\/\/www.allenfield.com\/es\/reuse-breakdowns\/\" title=\"Desglose de reutilizaciones\" target=\"_blank\">Arr\u00e9glalo. <i class=\"vc_btn3-icon fa fa-solid fa-square-up-right\"><\/i><\/a><\/div>\n        <\/div>\n      <\/div>\n    <\/div>\n  <\/div>\n<\/div><\/div><\/div><\/div><\/div><div class=\"vc_row wpb_row vc_row-fluid\"><div class=\"wpb_column vc_column_container vc_col-sm-4\"><div class=\"vc_column-inner\"><div class=\"wpb_wrapper\"><div class=\"vc-hoverbox-wrapper  hover-center vc-hoverbox-shape--rounded vc-hoverbox-align--center vc-hoverbox-direction--default vc-hoverbox-width--100\"  ontouchstart=\"\">\n  <div class=\"vc-hoverbox\">\n    <div class=\"vc-hoverbox-inner\">\n      <div class=\"vc-hoverbox-block vc-hoverbox-front\" style=\"background-image: url(https:\/\/www.allenfield.com\/wp-content\/uploads\/2026\/02\/Hard-to-Lift-background-1.png);\">\n        <div class=\"vc-hoverbox-block-inner vc-hoverbox-front-inner\">\n            <h2 style=\"color: #FFFFFF;text-align: center\" class=\"vc_custom_heading vc_do_custom_heading\">El transporte de envases en el mundo real<\/h2>\n        <\/div>\n      <\/div>\n      <div class=\"vc-hoverbox-block vc-hoverbox-back\" style=\"background-color: #ebebeb;\">\n        <div class=\"vc-hoverbox-block-inner vc-hoverbox-back-inner\">\n            <h2 style=\"text-align:center\">El reto<\/h2>\n            <p><span style=\"font-weight: 400;\">La mayor\u00eda de los envases est\u00e1n dise\u00f1ados para proteger su contenido, no para ser transportados. Esa deficiencia se hace evidente en cuanto alguien tiene que tocarlos.<\/span><\/p>\n\n            <div class=\"vc_btn3-container vc_btn3-inline vc_do_btn\" ><a style=\"background-color:#EE5D2E; color:#FFFFFF;\" class=\"vc_general vc_btn3 vc_btn3-size-lg vc_btn3-shape-round vc_btn3-style-custom vc_btn3-icon-right\" href=\"https:\/\/www.allenfield.com\/es\/carrying-packaging-in-the-real-world\/\" title=\"El transporte de envases en el mundo real\" target=\"_blank\">Arr\u00e9glalo. <i class=\"vc_btn3-icon fa fa-solid fa-square-up-right\"><\/i><\/a><\/div>\n        <\/div>\n      <\/div>\n    <\/div>\n  <\/div>\n<\/div><\/div><\/div><\/div><div class=\"wpb_column vc_column_container vc_col-sm-4\"><div class=\"vc_column-inner\"><div class=\"wpb_wrapper\"><div class=\"vc-hoverbox-wrapper  hover-center vc-hoverbox-shape--rounded vc-hoverbox-align--center vc-hoverbox-direction--default vc-hoverbox-width--100\"  ontouchstart=\"\">\n  <div class=\"vc-hoverbox\">\n    <div class=\"vc-hoverbox-inner\">\n      <div class=\"vc-hoverbox-block vc-hoverbox-front\" style=\"background-image: url(https:\/\/www.allenfield.com\/wp-content\/uploads\/2026\/02\/Retail-Breakdowns-background.png);\">\n        <div class=\"vc-hoverbox-block-inner vc-hoverbox-front-inner\">\n            <h2 style=\"color: #FFFFFF;text-align: center\" class=\"vc_custom_heading vc_do_custom_heading\">Desglose de presentaciones minoristas<\/h2>\n        <\/div>\n      <\/div>\n      <div class=\"vc-hoverbox-block vc-hoverbox-back\" style=\"background-color: #ebebeb;\">\n        <div class=\"vc-hoverbox-block-inner vc-hoverbox-back-inner\">\n            <h2 style=\"text-align:center\">El reto<\/h2>\n            <p><span style=\"font-weight: 400;\">Los expositores minoristas rara vez fallan de forma evidente. Lo que parece un problema de comercializaci\u00f3n suele ser un problema de dise\u00f1o estructural.<\/span><\/p>\n\n            <div class=\"vc_btn3-container vc_btn3-center vc_do_btn\" ><a style=\"background-color:#EE5D2E; color:#FFFFFF;\" class=\"vc_general vc_btn3 vc_btn3-size-lg vc_btn3-shape-round vc_btn3-style-custom vc_btn3-icon-right\" href=\"https:\/\/www.allenfield.com\/es\/retail-presentation-breakdowns\/\" title=\"Desglose de presentaciones minoristas\" target=\"_blank\">Arr\u00e9glalo. <i class=\"vc_btn3-icon fa fa-solid fa-square-up-right\"><\/i><\/a><\/div>\n        <\/div>\n      <\/div>\n    <\/div>\n  <\/div>\n<\/div><\/div><\/div><\/div><div class=\"wpb_column vc_column_container vc_col-sm-4\"><div class=\"vc_column-inner\"><div class=\"wpb_wrapper\"><div class=\"vc-hoverbox-wrapper  hover-center vc-hoverbox-shape--rounded vc-hoverbox-align--center vc-hoverbox-direction--default vc-hoverbox-width--100\"  ontouchstart=\"\">\n  <div class=\"vc-hoverbox\">\n    <div class=\"vc-hoverbox-inner\">\n      <div class=\"vc-hoverbox-block vc-hoverbox-front\" style=\"background-image: url(https:\/\/www.allenfield.com\/wp-content\/uploads\/2026\/02\/Immobile-background.png);\">\n        <div class=\"vc-hoverbox-block-inner vc-hoverbox-front-inner\">\n            <h2 style=\"color: #FFFFFF;text-align: center\" class=\"vc_custom_heading vc_do_custom_heading\">Restricciones de movilidad<\/h2>\n        <\/div>\n      <\/div>\n      <div class=\"vc-hoverbox-block vc-hoverbox-back\" style=\"background-color: #ebebeb;\">\n        <div class=\"vc-hoverbox-block-inner vc-hoverbox-back-inner\">\n            <h2 style=\"text-align:center\">El reto<\/h2>\n            <p>Cuando es dif\u00edcil mover las cajas, los costos de mano de obra aumentan, la flexibilidad de la tienda disminuye y la experiencia del cliente se ve afectada.<\/p>\n\n            <div class=\"vc_btn3-container vc_btn3-center vc_do_btn\" ><a style=\"background-color:#EE5D2E; color:#FFFFFF;\" class=\"vc_general vc_btn3 vc_btn3-size-lg vc_btn3-shape-round vc_btn3-style-custom vc_btn3-icon-right\" href=\"https:\/\/www.allenfield.com\/es\/mobility-constraints\/\" title=\"Restricciones de movilidad\" target=\"_blank\">Arr\u00e9glalo. <i class=\"vc_btn3-icon fa fa-solid fa-square-up-right\"><\/i><\/a><\/div>\n        <\/div>\n      <\/div>\n    <\/div>\n  <\/div>\n<\/div><\/div><\/div><\/div><\/div><div class=\"vc_row wpb_row vc_row-fluid\"><div class=\"wpb_column vc_column_container vc_col-sm-12\"><div class=\"vc_column-inner\"><div class=\"wpb_wrapper\"><div class=\"vc_separator wpb_content_element vc_separator_align_center vc_sep_width_100 vc_sep_pos_align_center vc_separator_no_text vc_sep_color_white wpb_content_element  wpb_content_element\" ><span class=\"vc_sep_holder vc_sep_holder_l\"><span class=\"vc_sep_line\"><\/span><\/span><span class=\"vc_sep_holder vc_sep_holder_r\"><span class=\"vc_sep_line\"><\/span><\/span>\n<\/div><\/div><\/div><\/div><\/div>\n<\/div>","protected":false},"excerpt":{"rendered":"Damage In Transit The Challenge Damaged packaging doesn\u2019t just hurt presentation \u2014 it raises immediate concerns about what\u2019s happening inside the box. Fix it Assembly Bottleneck The Challenge Nothing slows<p><a class=\"moretag\" href=\"https:\/\/www.allenfield.com\/es\/packaging-challenges\/\"> Seguir leyendo...<\/a><\/p>","protected":false},"author":4,"featured_media":14049,"parent":0,"menu_order":0,"comment_status":"closed","ping_status":"closed","template":"","meta":{"_acf_changed":false,"inline_featured_image":false,"footnotes":""},"class_list":["post-13986","page","type-page","status-publish","has-post-thumbnail","hentry"],"acf":[],"yoast_head":"<!-- This site is optimized with the Yoast SEO Premium plugin v27.5 (Yoast SEO v27.5) - https:\/\/yoast.com\/product\/yoast-seo-premium-wordpress\/ -->\n<title>Top Packaging Challenges and How to Solve Them<\/title>\n<meta name=\"description\" content=\"Explore the packaging challenges\u2014and see how purpose-built components improve safety, efficiency, sustainability, and user experience.\" \/>\n<meta name=\"robots\" content=\"index, follow, max-snippet:-1, max-image-preview:large, max-video-preview:-1\" \/>\n<link rel=\"canonical\" href=\"https:\/\/www.allenfield.com\/es\/packaging-challenges\/\" \/>\n<meta property=\"og:locale\" content=\"es_MX\" \/>\n<meta property=\"og:type\" content=\"article\" \/>\n<meta property=\"og:title\" content=\"Packaging Challenges\" \/>\n<meta property=\"og:description\" content=\"Explore the packaging challenges\u2014and see how purpose-built components improve safety, efficiency, sustainability, and user experience.\" \/>\n<meta property=\"og:url\" content=\"https:\/\/www.allenfield.com\/es\/packaging-challenges\/\" \/>\n<meta property=\"og:site_name\" content=\"Allen Field\" \/>\n<meta property=\"article:publisher\" content=\"https:\/\/www.facebook.com\/AllenFieldCompany\" \/>\n<meta property=\"article:modified_time\" content=\"2026-03-31T18:52:12+00:00\" \/>\n<meta property=\"og:image\" content=\"https:\/\/www.allenfield.com\/wp-content\/uploads\/2022\/09\/Case-Study.png\" \/>\n\t<meta property=\"og:image:width\" content=\"1200\" \/>\n\t<meta property=\"og:image:height\" content=\"630\" \/>\n\t<meta property=\"og:image:type\" content=\"image\/png\" \/>\n<meta name=\"twitter:card\" content=\"summary_large_image\" \/>\n<meta name=\"twitter:site\" content=\"@AllenField\" \/>\n<script type=\"application\/ld+json\" class=\"yoast-schema-graph\">{\"@context\":\"https:\\\/\\\/schema.org\",\"@graph\":[{\"@type\":\"WebPage\",\"@id\":\"https:\\\/\\\/www.allenfield.com\\\/packaging-challenges\\\/\",\"url\":\"https:\\\/\\\/www.allenfield.com\\\/packaging-challenges\\\/\",\"name\":\"Top Packaging Challenges and How to Solve Them\",\"isPartOf\":{\"@id\":\"https:\\\/\\\/www.allenfield.com\\\/#website\"},\"primaryImageOfPage\":{\"@id\":\"https:\\\/\\\/www.allenfield.com\\\/packaging-challenges\\\/#primaryimage\"},\"image\":{\"@id\":\"https:\\\/\\\/www.allenfield.com\\\/packaging-challenges\\\/#primaryimage\"},\"thumbnailUrl\":\"https:\\\/\\\/www.allenfield.com\\\/wp-content\\\/uploads\\\/2026\\\/01\\\/Damaged-corrugated-box_page.jpg\",\"datePublished\":\"2019-08-18T09:51:36+00:00\",\"dateModified\":\"2026-03-31T18:52:12+00:00\",\"description\":\"Explore the packaging challenges\u2014and see how purpose-built components improve safety, efficiency, sustainability, and user experience.\",\"breadcrumb\":{\"@id\":\"https:\\\/\\\/www.allenfield.com\\\/packaging-challenges\\\/#breadcrumb\"},\"inLanguage\":\"es\",\"potentialAction\":[{\"@type\":\"ReadAction\",\"target\":[\"https:\\\/\\\/www.allenfield.com\\\/packaging-challenges\\\/\"]}]},{\"@type\":\"ImageObject\",\"inLanguage\":\"es\",\"@id\":\"https:\\\/\\\/www.allenfield.com\\\/packaging-challenges\\\/#primaryimage\",\"url\":\"https:\\\/\\\/www.allenfield.com\\\/wp-content\\\/uploads\\\/2026\\\/01\\\/Damaged-corrugated-box_page.jpg\",\"contentUrl\":\"https:\\\/\\\/www.allenfield.com\\\/wp-content\\\/uploads\\\/2026\\\/01\\\/Damaged-corrugated-box_page.jpg\",\"width\":736,\"height\":491},{\"@type\":\"BreadcrumbList\",\"@id\":\"https:\\\/\\\/www.allenfield.com\\\/packaging-challenges\\\/#breadcrumb\",\"itemListElement\":[{\"@type\":\"ListItem\",\"position\":1,\"name\":\"Home\",\"item\":\"https:\\\/\\\/www.allenfield.com\\\/\"},{\"@type\":\"ListItem\",\"position\":2,\"name\":\"Packaging Challenges\"}]},{\"@type\":\"WebSite\",\"@id\":\"https:\\\/\\\/www.allenfield.com\\\/#website\",\"url\":\"https:\\\/\\\/www.allenfield.com\\\/\",\"name\":\"Allen Field\",\"description\":\"Simply Brilliant Packaging Components\",\"publisher\":{\"@id\":\"https:\\\/\\\/www.allenfield.com\\\/#organization\"},\"potentialAction\":[{\"@type\":\"SearchAction\",\"target\":{\"@type\":\"EntryPoint\",\"urlTemplate\":\"https:\\\/\\\/www.allenfield.com\\\/?s={search_term_string}\"},\"query-input\":{\"@type\":\"PropertyValueSpecification\",\"valueRequired\":true,\"valueName\":\"search_term_string\"}}],\"inLanguage\":\"es\"},{\"@type\":\"Organization\",\"@id\":\"https:\\\/\\\/www.allenfield.com\\\/#organization\",\"name\":\"Allen Field\",\"url\":\"https:\\\/\\\/www.allenfield.com\\\/\",\"logo\":{\"@type\":\"ImageObject\",\"inLanguage\":\"es\",\"@id\":\"https:\\\/\\\/www.allenfield.com\\\/#\\\/schema\\\/logo\\\/image\\\/\",\"url\":\"https:\\\/\\\/www.allenfield.com\\\/wp-content\\\/uploads\\\/2022\\\/06\\\/allenfield-logo-2022.svg\",\"contentUrl\":\"https:\\\/\\\/www.allenfield.com\\\/wp-content\\\/uploads\\\/2022\\\/06\\\/allenfield-logo-2022.svg\",\"width\":\"1024\",\"height\":\"1024\",\"caption\":\"Allen Field\"},\"image\":{\"@id\":\"https:\\\/\\\/www.allenfield.com\\\/#\\\/schema\\\/logo\\\/image\\\/\"},\"sameAs\":[\"https:\\\/\\\/www.facebook.com\\\/AllenFieldCompany\",\"https:\\\/\\\/x.com\\\/AllenField\",\"https:\\\/\\\/www.linkedin.com\\\/company\\\/allen-field-company-inc.\",\"https:\\\/\\\/www.pinterest.com\\\/allenfieldco\\\/\",\"https:\\\/\\\/www.youtube.com\\\/channel\\\/UCb_ZBB7DJCTkgvRMoqJy-TQ\"],\"description\":\"Allen Field designs and supplies innovative, high-quality packaging components\u2014plastic handles, box-connecting clips, wheels, and display hardware\u2014backed by in-house engineering. Sustainable options include biodegradable, reusable, and recycled-content plastics, plus fully recyclable, all-natural paper\\\/Kraft. With global reach, deep inventory, and custom design, we help brands streamline packaging, cut waste, and elevate presentation.\",\"email\":\"info@allenfield.com\",\"telephone\":\"800-535-0810\",\"foundingDate\":\"1945-08-30\",\"numberOfEmployees\":{\"@type\":\"QuantitativeValue\",\"minValue\":\"11\",\"maxValue\":\"50\"}}]}<\/script>\n<!-- \/ Yoast SEO Premium plugin. -->","yoast_head_json":{"title":"Principales retos en materia de empaque y c\u00f3mo resolverlos","description":"Explore los retos que plantea el empaque y descubra c\u00f3mo los componentes dise\u00f1ados espec\u00edficamente mejoran la seguridad, la eficiencia, la sostenibilidad y la experiencia del usuario.","robots":{"index":"index","follow":"follow","max-snippet":"max-snippet:-1","max-image-preview":"max-image-preview:large","max-video-preview":"max-video-preview:-1"},"canonical":"https:\/\/www.allenfield.com\/es\/packaging-challenges\/","og_locale":"es_MX","og_type":"article","og_title":"Packaging Challenges","og_description":"Explore the packaging challenges\u2014and see how purpose-built components improve safety, efficiency, sustainability, and user experience.","og_url":"https:\/\/www.allenfield.com\/es\/packaging-challenges\/","og_site_name":"Allen Field","article_publisher":"https:\/\/www.facebook.com\/AllenFieldCompany","article_modified_time":"2026-03-31T18:52:12+00:00","og_image":[{"width":1200,"height":630,"url":"https:\/\/www.allenfield.com\/wp-content\/uploads\/2022\/09\/Case-Study.png","type":"image\/png"}],"twitter_card":"summary_large_image","twitter_site":"@AllenField","schema":{"@context":"https:\/\/schema.org","@graph":[{"@type":"WebPage","@id":"https:\/\/www.allenfield.com\/packaging-challenges\/","url":"https:\/\/www.allenfield.com\/packaging-challenges\/","name":"Principales retos en materia de empaque y c\u00f3mo resolverlos","isPartOf":{"@id":"https:\/\/www.allenfield.com\/#website"},"primaryImageOfPage":{"@id":"https:\/\/www.allenfield.com\/packaging-challenges\/#primaryimage"},"image":{"@id":"https:\/\/www.allenfield.com\/packaging-challenges\/#primaryimage"},"thumbnailUrl":"https:\/\/www.allenfield.com\/wp-content\/uploads\/2026\/01\/Damaged-corrugated-box_page.jpg","datePublished":"2019-08-18T09:51:36+00:00","dateModified":"2026-03-31T18:52:12+00:00","description":"Explore los retos que plantea el empaque y descubra c\u00f3mo los componentes dise\u00f1ados espec\u00edficamente mejoran la seguridad, la eficiencia, la sostenibilidad y la experiencia del usuario.","breadcrumb":{"@id":"https:\/\/www.allenfield.com\/packaging-challenges\/#breadcrumb"},"inLanguage":"es","potentialAction":[{"@type":"ReadAction","target":["https:\/\/www.allenfield.com\/packaging-challenges\/"]}]},{"@type":"ImageObject","inLanguage":"es","@id":"https:\/\/www.allenfield.com\/packaging-challenges\/#primaryimage","url":"https:\/\/www.allenfield.com\/wp-content\/uploads\/2026\/01\/Damaged-corrugated-box_page.jpg","contentUrl":"https:\/\/www.allenfield.com\/wp-content\/uploads\/2026\/01\/Damaged-corrugated-box_page.jpg","width":736,"height":491},{"@type":"BreadcrumbList","@id":"https:\/\/www.allenfield.com\/packaging-challenges\/#breadcrumb","itemListElement":[{"@type":"ListItem","position":1,"name":"Home","item":"https:\/\/www.allenfield.com\/"},{"@type":"ListItem","position":2,"name":"Packaging Challenges"}]},{"@type":"WebSite","@id":"https:\/\/www.allenfield.com\/#website","url":"https:\/\/www.allenfield.com\/","name":"Campo Allen","description":"Componentes de envasado Simply Brilliant","publisher":{"@id":"https:\/\/www.allenfield.com\/#organization"},"potentialAction":[{"@type":"SearchAction","target":{"@type":"EntryPoint","urlTemplate":"https:\/\/www.allenfield.com\/?s={search_term_string}"},"query-input":{"@type":"PropertyValueSpecification","valueRequired":true,"valueName":"search_term_string"}}],"inLanguage":"es"},{"@type":"Organization","@id":"https:\/\/www.allenfield.com\/#organization","name":"Campo Allen","url":"https:\/\/www.allenfield.com\/","logo":{"@type":"ImageObject","inLanguage":"es","@id":"https:\/\/www.allenfield.com\/#\/schema\/logo\/image\/","url":"https:\/\/www.allenfield.com\/wp-content\/uploads\/2022\/06\/allenfield-logo-2022.svg","contentUrl":"https:\/\/www.allenfield.com\/wp-content\/uploads\/2022\/06\/allenfield-logo-2022.svg","width":"1024","height":"1024","caption":"Allen Field"},"image":{"@id":"https:\/\/www.allenfield.com\/#\/schema\/logo\/image\/"},"sameAs":["https:\/\/www.facebook.com\/AllenFieldCompany","https:\/\/x.com\/AllenField","https:\/\/www.linkedin.com\/company\/allen-field-company-inc.","https:\/\/www.pinterest.com\/allenfieldco\/","https:\/\/www.youtube.com\/channel\/UCb_ZBB7DJCTkgvRMoqJy-TQ"],"description":"Allen Field dise\u00f1a y suministra componentes de embalaje innovadores y de alta calidad -asas de pl\u00e1stico, clips de conexi\u00f3n de cajas, ruedas y herrajes de exposici\u00f3n- respaldados por ingenier\u00eda propia. Las opciones sostenibles incluyen pl\u00e1sticos biodegradables, reutilizables y de contenido reciclado, adem\u00e1s de papel\/Kraft totalmente reciclable y natural. Con un alcance global, un amplio inventario y un dise\u00f1o personalizado, ayudamos a las marcas a racionalizar los envases, reducir los residuos y mejorar la presentaci\u00f3n.","email":"info@allenfield.com","telephone":"800-535-0810","foundingDate":"1945-08-30","numberOfEmployees":{"@type":"QuantitativeValue","minValue":"11","maxValue":"50"}}]}},"_links":{"self":[{"href":"https:\/\/www.allenfield.com\/es\/wp-json\/wp\/v2\/pages\/13986","targetHints":{"allow":["GET"]}}],"collection":[{"href":"https:\/\/www.allenfield.com\/es\/wp-json\/wp\/v2\/pages"}],"about":[{"href":"https:\/\/www.allenfield.com\/es\/wp-json\/wp\/v2\/types\/page"}],"author":[{"embeddable":true,"href":"https:\/\/www.allenfield.com\/es\/wp-json\/wp\/v2\/users\/4"}],"replies":[{"embeddable":true,"href":"https:\/\/www.allenfield.com\/es\/wp-json\/wp\/v2\/comments?post=13986"}],"version-history":[{"count":7,"href":"https:\/\/www.allenfield.com\/es\/wp-json\/wp\/v2\/pages\/13986\/revisions"}],"predecessor-version":[{"id":14221,"href":"https:\/\/www.allenfield.com\/es\/wp-json\/wp\/v2\/pages\/13986\/revisions\/14221"}],"wp:featuredmedia":[{"embeddable":true,"href":"https:\/\/www.allenfield.com\/es\/wp-json\/wp\/v2\/media\/14049"}],"wp:attachment":[{"href":"https:\/\/www.allenfield.com\/es\/wp-json\/wp\/v2\/media?parent=13986"}],"curies":[{"name":"wp","href":"https:\/\/api.w.org\/{rel}","templated":true}]}}