{"id":9175,"date":"2023-09-12T10:49:00","date_gmt":"2023-09-12T14:49:00","guid":{"rendered":"https:\/\/www.allenfield.com\/?page_id=9175"},"modified":"2023-09-22T14:26:27","modified_gmt":"2023-09-22T18:26:27","slug":"handles-for-cold-chain-packaging","status":"publish","type":"page","link":"https:\/\/www.allenfield.com\/es\/video-gallery\/handles-for-cold-chain-packaging\/","title":{"rendered":"Asas para envases de la cadena de fr\u00edo"},"content":{"rendered":"<div class=\"wpb-content-wrapper\"><div class=\"vc_row wpb_row vc_row-fluid\"><div class=\"wpb_column vc_column_container vc_col-sm-12\"><div class=\"vc_column-inner\"><div class=\"wpb_wrapper\">\n\t<div class=\"wpb_video_widget wpb_content_element vc_clearfix   vc_video-aspect-ratio-169 vc_video-el-width-70 vc_video-align-center\" >\n\t\t<div class=\"wpb_wrapper\">\n\t\t\t\n\t\t\t<div class=\"wpb_video_wrapper\"><iframe title=\"Side Mount Handles\" src=\"https:\/\/player.vimeo.com\/video\/866920449?dnt=1&amp;app_id=122963\" width=\"500\" height=\"281\" frameborder=\"0\" allow=\"autoplay; fullscreen; picture-in-picture\"><\/iframe><\/div>\n\t\t<\/div>\n\t<\/div>\n<\/div><\/div><\/div><\/div><div class=\"vc_row wpb_row vc_row-fluid\"><div class=\"wpb_column vc_column_container vc_col-sm-12\"><div class=\"vc_column-inner\"><div class=\"wpb_wrapper\">\n\t<div class=\"wpb_text_column wpb_content_element vc_custom_1647456142195\" >\n\t\t<div class=\"wpb_wrapper\">\n\t\t\t<p>Cold chain packaging&#8230; very relevant with vaccines, biological shipping around the world&#8230;. It&#8217;s very important for the packaging to maintain its integrity throughout the supply chain. Sometimes the packaging can be quite heavy and hard to handle if it doesn&#8217;t have a proper carrying solution, so Allen Field offers a solution that seals the box and provides a great carrying solution. <a href=\"https:\/\/www.allenfield.com\/product-line\/side-mount-handle-series\/\" target=\"_blank\" rel=\"noopener\">This side mounted handle<\/a> fits into the die cut and snaps closed &#8211; and provides a perfect carrying solution a perfectly sealed package. Contact us today to find out how about one of our carrying solutions can help your cold chain packaging.<\/p>\n<h3 style=\"text-align: center\">Speak with an expert and get your next project started today!<\/h3>\n\n\t\t<\/div>\n\t<\/div>\n<div class=\"vc_separator wpb_content_element vc_separator_align_center vc_sep_width_100 vc_sep_border_width_4 vc_sep_pos_align_center vc_separator_no_text vc_sep_color_white wpb_content_element  wpb_content_element\" ><span class=\"vc_sep_holder vc_sep_holder_l\"><span class=\"vc_sep_line\"><\/span><\/span><span class=\"vc_sep_holder vc_sep_holder_r\"><span class=\"vc_sep_line\"><\/span><\/span>\n<\/div><div class=\"vc_separator wpb_content_element vc_separator_align_center vc_sep_width_100 vc_sep_border_width_4 vc_sep_pos_align_center vc_separator_no_text vc_sep_color_white wpb_content_element  wpb_content_element\" ><span class=\"vc_sep_holder vc_sep_holder_l\"><span class=\"vc_sep_line\"><\/span><\/span><span class=\"vc_sep_holder vc_sep_holder_r\"><span class=\"vc_sep_line\"><\/span><\/span>\n<\/div><\/div><\/div><\/div><\/div><div class=\"vc_row wpb_row vc_row-fluid\"><div class=\"wpb_column vc_column_container vc_col-sm-12 vc_col-lg-offset-0 vc_col-lg-12 vc_col-md-offset-0 vc_col-md-12 vc_col-sm-offset-0 vc_col-xs-12\"><div class=\"vc_column-inner vc_custom_1694554684042\"><div class=\"wpb_wrapper\">\n\t<div class=\"wpb_raw_code wpb_raw_html wpb_content_element\" >\n\t\t<div class=\"wpb_wrapper\">\n\t\t\t<div style=\"margin-top: -40px;\"><script type=\"text\/javascript\">\nvar refer = \"\"\n    var url = window.location.href.split('?')\n    var mainUrl = url[0]\n    if (url[1]){\n        var queryPieces = url[1].split('=').join('#').split('#')\n        for (let i = 0; i < queryPieces.length; i++){\n            if (queryPieces[i] == \"refer\"){\n                refer = queryPieces[i + 1]\n            }\n        }\n    }\n    var ss_form = {'account': 'MzawMLEwsjQwBwA', 'formID': 'BcGBDQAgCAOwi5YwmP4jOP8_wZapitsb9BhyGZ1TEEcrXt9DfQ'};\n    ss_form.width = '90%';\n    ss_form.domain = 'app-3QNN1W8PLE.marketingautomation.services';\nss_form.hidden = {'field_3896638467': mainUrl, 'field_200000006243331': refer};\n<\/script>\n<script type=\"text\/javascript\" src=\"https:\/\/koi-3QNN1W8PLE.marketingautomation.services\/client\/form.js?ver=2.0.1\"><\/script><\/div>\n\t\t<\/div>\n\t<\/div>\n<\/div><\/div><\/div><\/div>\n<\/div>","protected":false},"excerpt":{"rendered":"Envasado en cadena de fr\u00edo... muy relevante con vacunas, env\u00edos biol\u00f3gicos por todo el mundo.... Es muy importante que el envase mantenga su integridad a lo largo de toda la cadena de suministro. A veces, el envase puede<p><a class=\"moretag\" href=\"https:\/\/www.allenfield.com\/es\/video-gallery\/handles-for-cold-chain-packaging\/\"> Seguir leyendo...<\/a><\/p>","protected":false},"author":10,"featured_media":9098,"parent":9148,"menu_order":0,"comment_status":"closed","ping_status":"closed","template":"","meta":{"_acf_changed":false,"inline_featured_image":false,"footnotes":""},"class_list":["post-9175","page","type-page","status-publish","has-post-thumbnail","hentry"],"acf":[],"yoast_head":"<!-- This site is optimized with the Yoast SEO Premium plugin v27.5 (Yoast SEO v27.5) - https:\/\/yoast.com\/product\/yoast-seo-premium-wordpress\/ -->\n<title>Handles for Cold Chain Packaging | Allen Field<\/title>\n<meta name=\"description\" content=\"Allen Field&#039;s Side Mount Handles are a Simply Brilliant way to comfortably carry a heavy package. Watch the demo video to learn more.\" \/>\n<meta name=\"robots\" content=\"index, follow, max-snippet:-1, max-image-preview:large, max-video-preview:-1\" \/>\n<link rel=\"canonical\" href=\"https:\/\/www.allenfield.com\/es\/video-gallery\/handles-for-cold-chain-packaging\/\" \/>\n<meta property=\"og:locale\" content=\"es_MX\" \/>\n<meta property=\"og:type\" content=\"article\" \/>\n<meta property=\"og:title\" content=\"Handles for Cold Chain Packaging\" \/>\n<meta property=\"og:description\" content=\"Allen Field&#039;s Side Mount Handles are a Simply Brilliant way to comfortably carry a heavy package. Watch the demo video to learn more.\" \/>\n<meta property=\"og:url\" content=\"https:\/\/www.allenfield.com\/es\/video-gallery\/handles-for-cold-chain-packaging\/\" \/>\n<meta property=\"og:site_name\" content=\"Allen Field\" \/>\n<meta property=\"article:publisher\" content=\"https:\/\/www.facebook.com\/AllenFieldCompany\" \/>\n<meta property=\"article:modified_time\" content=\"2023-09-22T18:26:27+00:00\" \/>\n<meta property=\"og:image\" content=\"https:\/\/www.allenfield.com\/wp-content\/uploads\/2023\/09\/af-video-thumb-02.png\" \/>\n\t<meta property=\"og:image:width\" content=\"874\" \/>\n\t<meta property=\"og:image:height\" content=\"492\" \/>\n\t<meta property=\"og:image:type\" content=\"image\/png\" \/>\n<meta name=\"twitter:card\" content=\"summary_large_image\" \/>\n<meta name=\"twitter:site\" content=\"@AllenField\" \/>\n<script type=\"application\/ld+json\" class=\"yoast-schema-graph\">{\"@context\":\"https:\\\/\\\/schema.org\",\"@graph\":[{\"@type\":\"WebPage\",\"@id\":\"https:\\\/\\\/www.allenfield.com\\\/video-gallery\\\/handles-for-cold-chain-packaging\\\/\",\"url\":\"https:\\\/\\\/www.allenfield.com\\\/video-gallery\\\/handles-for-cold-chain-packaging\\\/\",\"name\":\"Handles for Cold Chain Packaging | Allen Field\",\"isPartOf\":{\"@id\":\"https:\\\/\\\/www.allenfield.com\\\/#website\"},\"primaryImageOfPage\":{\"@id\":\"https:\\\/\\\/www.allenfield.com\\\/video-gallery\\\/handles-for-cold-chain-packaging\\\/#primaryimage\"},\"image\":{\"@id\":\"https:\\\/\\\/www.allenfield.com\\\/video-gallery\\\/handles-for-cold-chain-packaging\\\/#primaryimage\"},\"thumbnailUrl\":\"https:\\\/\\\/www.allenfield.com\\\/wp-content\\\/uploads\\\/2023\\\/09\\\/af-video-thumb-02.png\",\"datePublished\":\"2023-09-12T14:49:00+00:00\",\"dateModified\":\"2023-09-22T18:26:27+00:00\",\"description\":\"Allen Field's Side Mount Handles are a Simply Brilliant way to comfortably carry a heavy package. Watch the demo video to learn more.\",\"breadcrumb\":{\"@id\":\"https:\\\/\\\/www.allenfield.com\\\/video-gallery\\\/handles-for-cold-chain-packaging\\\/#breadcrumb\"},\"inLanguage\":\"es\",\"potentialAction\":[{\"@type\":\"ReadAction\",\"target\":[\"https:\\\/\\\/www.allenfield.com\\\/video-gallery\\\/handles-for-cold-chain-packaging\\\/\"]}]},{\"@type\":\"ImageObject\",\"inLanguage\":\"es\",\"@id\":\"https:\\\/\\\/www.allenfield.com\\\/video-gallery\\\/handles-for-cold-chain-packaging\\\/#primaryimage\",\"url\":\"https:\\\/\\\/www.allenfield.com\\\/wp-content\\\/uploads\\\/2023\\\/09\\\/af-video-thumb-02.png\",\"contentUrl\":\"https:\\\/\\\/www.allenfield.com\\\/wp-content\\\/uploads\\\/2023\\\/09\\\/af-video-thumb-02.png\",\"width\":874,\"height\":492,\"caption\":\"Thumbnail of Allen Field representative\"},{\"@type\":\"BreadcrumbList\",\"@id\":\"https:\\\/\\\/www.allenfield.com\\\/video-gallery\\\/handles-for-cold-chain-packaging\\\/#breadcrumb\",\"itemListElement\":[{\"@type\":\"ListItem\",\"position\":1,\"name\":\"Home\",\"item\":\"https:\\\/\\\/www.allenfield.com\\\/\"},{\"@type\":\"ListItem\",\"position\":2,\"name\":\"Video Gallery\",\"item\":\"https:\\\/\\\/www.allenfield.com\\\/video-gallery\\\/\"},{\"@type\":\"ListItem\",\"position\":3,\"name\":\"Handles for Cold Chain Packaging\"}]},{\"@type\":\"WebSite\",\"@id\":\"https:\\\/\\\/www.allenfield.com\\\/#website\",\"url\":\"https:\\\/\\\/www.allenfield.com\\\/\",\"name\":\"Allen Field\",\"description\":\"Simply Brilliant Packaging Components\",\"publisher\":{\"@id\":\"https:\\\/\\\/www.allenfield.com\\\/#organization\"},\"potentialAction\":[{\"@type\":\"SearchAction\",\"target\":{\"@type\":\"EntryPoint\",\"urlTemplate\":\"https:\\\/\\\/www.allenfield.com\\\/?s={search_term_string}\"},\"query-input\":{\"@type\":\"PropertyValueSpecification\",\"valueRequired\":true,\"valueName\":\"search_term_string\"}}],\"inLanguage\":\"es\"},{\"@type\":\"Organization\",\"@id\":\"https:\\\/\\\/www.allenfield.com\\\/#organization\",\"name\":\"Allen Field\",\"url\":\"https:\\\/\\\/www.allenfield.com\\\/\",\"logo\":{\"@type\":\"ImageObject\",\"inLanguage\":\"es\",\"@id\":\"https:\\\/\\\/www.allenfield.com\\\/#\\\/schema\\\/logo\\\/image\\\/\",\"url\":\"https:\\\/\\\/www.allenfield.com\\\/wp-content\\\/uploads\\\/2022\\\/06\\\/allenfield-logo-2022.svg\",\"contentUrl\":\"https:\\\/\\\/www.allenfield.com\\\/wp-content\\\/uploads\\\/2022\\\/06\\\/allenfield-logo-2022.svg\",\"width\":\"1024\",\"height\":\"1024\",\"caption\":\"Allen Field\"},\"image\":{\"@id\":\"https:\\\/\\\/www.allenfield.com\\\/#\\\/schema\\\/logo\\\/image\\\/\"},\"sameAs\":[\"https:\\\/\\\/www.facebook.com\\\/AllenFieldCompany\",\"https:\\\/\\\/x.com\\\/AllenField\",\"https:\\\/\\\/www.linkedin.com\\\/company\\\/allen-field-company-inc.\",\"https:\\\/\\\/www.pinterest.com\\\/allenfieldco\\\/\",\"https:\\\/\\\/www.youtube.com\\\/channel\\\/UCb_ZBB7DJCTkgvRMoqJy-TQ\"],\"description\":\"Allen Field designs and supplies innovative, high-quality packaging components\u2014plastic handles, box-connecting clips, wheels, and display hardware\u2014backed by in-house engineering. Sustainable options include biodegradable, reusable, and recycled-content plastics, plus fully recyclable, all-natural paper\\\/Kraft. With global reach, deep inventory, and custom design, we help brands streamline packaging, cut waste, and elevate presentation.\",\"email\":\"info@allenfield.com\",\"telephone\":\"800-535-0810\",\"foundingDate\":\"1945-08-30\",\"numberOfEmployees\":{\"@type\":\"QuantitativeValue\",\"minValue\":\"11\",\"maxValue\":\"50\"}}]}<\/script>\n<!-- \/ Yoast SEO Premium plugin. -->","yoast_head_json":{"title":"Asas para envases de la cadena de fr\u00edo | Allen Field","description":"Las asas de montaje lateral de Allen Field son una forma simplemente brillante de transportar c\u00f3modamente un paquete pesado. Vea el v\u00eddeo de demostraci\u00f3n para obtener m\u00e1s informaci\u00f3n.","robots":{"index":"index","follow":"follow","max-snippet":"max-snippet:-1","max-image-preview":"max-image-preview:large","max-video-preview":"max-video-preview:-1"},"canonical":"https:\/\/www.allenfield.com\/es\/video-gallery\/handles-for-cold-chain-packaging\/","og_locale":"es_MX","og_type":"article","og_title":"Handles for Cold Chain Packaging","og_description":"Allen Field's Side Mount Handles are a Simply Brilliant way to comfortably carry a heavy package. Watch the demo video to learn more.","og_url":"https:\/\/www.allenfield.com\/es\/video-gallery\/handles-for-cold-chain-packaging\/","og_site_name":"Allen Field","article_publisher":"https:\/\/www.facebook.com\/AllenFieldCompany","article_modified_time":"2023-09-22T18:26:27+00:00","og_image":[{"width":874,"height":492,"url":"https:\/\/www.allenfield.com\/wp-content\/uploads\/2023\/09\/af-video-thumb-02.png","type":"image\/png"}],"twitter_card":"summary_large_image","twitter_site":"@AllenField","schema":{"@context":"https:\/\/schema.org","@graph":[{"@type":"WebPage","@id":"https:\/\/www.allenfield.com\/video-gallery\/handles-for-cold-chain-packaging\/","url":"https:\/\/www.allenfield.com\/video-gallery\/handles-for-cold-chain-packaging\/","name":"Asas para envases de la cadena de fr\u00edo | Allen Field","isPartOf":{"@id":"https:\/\/www.allenfield.com\/#website"},"primaryImageOfPage":{"@id":"https:\/\/www.allenfield.com\/video-gallery\/handles-for-cold-chain-packaging\/#primaryimage"},"image":{"@id":"https:\/\/www.allenfield.com\/video-gallery\/handles-for-cold-chain-packaging\/#primaryimage"},"thumbnailUrl":"https:\/\/www.allenfield.com\/wp-content\/uploads\/2023\/09\/af-video-thumb-02.png","datePublished":"2023-09-12T14:49:00+00:00","dateModified":"2023-09-22T18:26:27+00:00","description":"Las asas de montaje lateral de Allen Field son una forma simplemente brillante de transportar c\u00f3modamente un paquete pesado. Vea el v\u00eddeo de demostraci\u00f3n para obtener m\u00e1s informaci\u00f3n.","breadcrumb":{"@id":"https:\/\/www.allenfield.com\/video-gallery\/handles-for-cold-chain-packaging\/#breadcrumb"},"inLanguage":"es","potentialAction":[{"@type":"ReadAction","target":["https:\/\/www.allenfield.com\/video-gallery\/handles-for-cold-chain-packaging\/"]}]},{"@type":"ImageObject","inLanguage":"es","@id":"https:\/\/www.allenfield.com\/video-gallery\/handles-for-cold-chain-packaging\/#primaryimage","url":"https:\/\/www.allenfield.com\/wp-content\/uploads\/2023\/09\/af-video-thumb-02.png","contentUrl":"https:\/\/www.allenfield.com\/wp-content\/uploads\/2023\/09\/af-video-thumb-02.png","width":874,"height":492,"caption":"Thumbnail of Allen Field representative"},{"@type":"BreadcrumbList","@id":"https:\/\/www.allenfield.com\/video-gallery\/handles-for-cold-chain-packaging\/#breadcrumb","itemListElement":[{"@type":"ListItem","position":1,"name":"Home","item":"https:\/\/www.allenfield.com\/"},{"@type":"ListItem","position":2,"name":"Video Gallery","item":"https:\/\/www.allenfield.com\/video-gallery\/"},{"@type":"ListItem","position":3,"name":"Handles for Cold Chain Packaging"}]},{"@type":"WebSite","@id":"https:\/\/www.allenfield.com\/#website","url":"https:\/\/www.allenfield.com\/","name":"Campo Allen","description":"Componentes de envasado Simply Brilliant","publisher":{"@id":"https:\/\/www.allenfield.com\/#organization"},"potentialAction":[{"@type":"SearchAction","target":{"@type":"EntryPoint","urlTemplate":"https:\/\/www.allenfield.com\/?s={search_term_string}"},"query-input":{"@type":"PropertyValueSpecification","valueRequired":true,"valueName":"search_term_string"}}],"inLanguage":"es"},{"@type":"Organization","@id":"https:\/\/www.allenfield.com\/#organization","name":"Campo Allen","url":"https:\/\/www.allenfield.com\/","logo":{"@type":"ImageObject","inLanguage":"es","@id":"https:\/\/www.allenfield.com\/#\/schema\/logo\/image\/","url":"https:\/\/www.allenfield.com\/wp-content\/uploads\/2022\/06\/allenfield-logo-2022.svg","contentUrl":"https:\/\/www.allenfield.com\/wp-content\/uploads\/2022\/06\/allenfield-logo-2022.svg","width":"1024","height":"1024","caption":"Allen Field"},"image":{"@id":"https:\/\/www.allenfield.com\/#\/schema\/logo\/image\/"},"sameAs":["https:\/\/www.facebook.com\/AllenFieldCompany","https:\/\/x.com\/AllenField","https:\/\/www.linkedin.com\/company\/allen-field-company-inc.","https:\/\/www.pinterest.com\/allenfieldco\/","https:\/\/www.youtube.com\/channel\/UCb_ZBB7DJCTkgvRMoqJy-TQ"],"description":"Allen Field dise\u00f1a y suministra componentes de embalaje innovadores y de alta calidad -asas de pl\u00e1stico, clips de conexi\u00f3n de cajas, ruedas y herrajes de exposici\u00f3n- respaldados por ingenier\u00eda propia. Las opciones sostenibles incluyen pl\u00e1sticos biodegradables, reutilizables y de contenido reciclado, adem\u00e1s de papel\/Kraft totalmente reciclable y natural. Con un alcance global, un amplio inventario y un dise\u00f1o personalizado, ayudamos a las marcas a racionalizar los envases, reducir los residuos y mejorar la presentaci\u00f3n.","email":"info@allenfield.com","telephone":"800-535-0810","foundingDate":"1945-08-30","numberOfEmployees":{"@type":"QuantitativeValue","minValue":"11","maxValue":"50"}}]}},"_links":{"self":[{"href":"https:\/\/www.allenfield.com\/es\/wp-json\/wp\/v2\/pages\/9175","targetHints":{"allow":["GET"]}}],"collection":[{"href":"https:\/\/www.allenfield.com\/es\/wp-json\/wp\/v2\/pages"}],"about":[{"href":"https:\/\/www.allenfield.com\/es\/wp-json\/wp\/v2\/types\/page"}],"author":[{"embeddable":true,"href":"https:\/\/www.allenfield.com\/es\/wp-json\/wp\/v2\/users\/10"}],"replies":[{"embeddable":true,"href":"https:\/\/www.allenfield.com\/es\/wp-json\/wp\/v2\/comments?post=9175"}],"version-history":[{"count":0,"href":"https:\/\/www.allenfield.com\/es\/wp-json\/wp\/v2\/pages\/9175\/revisions"}],"up":[{"embeddable":true,"href":"https:\/\/www.allenfield.com\/es\/wp-json\/wp\/v2\/pages\/9148"}],"wp:featuredmedia":[{"embeddable":true,"href":"https:\/\/www.allenfield.com\/es\/wp-json\/wp\/v2\/media\/9098"}],"wp:attachment":[{"href":"https:\/\/www.allenfield.com\/es\/wp-json\/wp\/v2\/media?parent=9175"}],"curies":[{"name":"wp","href":"https:\/\/api.w.org\/{rel}","templated":true}]}}