{"id":9190,"date":"2023-09-12T10:50:00","date_gmt":"2023-09-12T14:50:00","guid":{"rendered":"https:\/\/www.allenfield.com\/?page_id=9190"},"modified":"2024-07-18T12:01:21","modified_gmt":"2024-07-18T16:01:21","slug":"what-is-a-fixed-paddle-box-clip","status":"publish","type":"page","link":"https:\/\/www.allenfield.com\/es\/video-gallery\/what-is-a-fixed-paddle-box-clip\/","title":{"rendered":"\u00bfQu\u00e9 es un clip de caja de palas fijas?"},"content":{"rendered":"<div class=\"wpb-content-wrapper\"><div class=\"vc_row wpb_row vc_row-fluid\"><div class=\"wpb_column vc_column_container vc_col-sm-12\"><div class=\"vc_column-inner\"><div class=\"wpb_wrapper\">\n\t<div class=\"wpb_video_widget wpb_content_element vc_clearfix   vc_video-aspect-ratio-169 vc_video-el-width-70 vc_video-align-center\" >\n\t\t<div class=\"wpb_wrapper\">\n\t\t\t\n\t\t\t<div class=\"wpb_video_wrapper\"><iframe title=\"Interlock Box Clip for Double Wall Corrugated by Allen Field\" src=\"https:\/\/player.vimeo.com\/video\/867140577?dnt=1&amp;app_id=122963\" width=\"500\" height=\"281\" frameborder=\"0\" allow=\"autoplay; fullscreen; picture-in-picture\"><\/iframe><\/div>\n\t\t<\/div>\n\t<\/div>\n<\/div><\/div><\/div><\/div><div class=\"vc_row wpb_row vc_row-fluid\"><div class=\"wpb_column vc_column_container vc_col-sm-12\"><div class=\"vc_column-inner\"><div class=\"wpb_wrapper\">\n\t<div class=\"wpb_text_column wpb_content_element vc_custom_1647456142195\" >\n\t\t<div class=\"wpb_wrapper\">\n\t\t\t<p>The <a href=\"https:\/\/www.allenfield.com\/product\/hp603-fixed-paddle-double-wall-box-connecting-clip\/\" target=\"_blank\" rel=\"noopener\">HP603 Interlock Box Clip<\/a> is used to secure double-wall corrugated boxes and make access and removal of the box contents faster and easier. It features an interlock and extended stationary tab, which pulls tight any gap between outer and inner panel and eliminates separation of corrugated walls. This clip can hold 0.65\u201d board thickness at max. The version with an up arrow indicates direction for installation.<\/p>\n<h3 style=\"text-align: center;\">Speak with an expert and get your next project started today!<\/h3>\n\n\t\t<\/div>\n\t<\/div>\n<div class=\"vc_separator wpb_content_element vc_separator_align_center vc_sep_width_100 vc_sep_border_width_4 vc_sep_pos_align_center vc_separator_no_text vc_sep_color_white wpb_content_element  wpb_content_element\" ><span class=\"vc_sep_holder vc_sep_holder_l\"><span class=\"vc_sep_line\"><\/span><\/span><span class=\"vc_sep_holder vc_sep_holder_r\"><span class=\"vc_sep_line\"><\/span><\/span>\n<\/div><div class=\"vc_separator wpb_content_element vc_separator_align_center vc_sep_width_100 vc_sep_border_width_4 vc_sep_pos_align_center vc_separator_no_text vc_sep_color_white wpb_content_element  wpb_content_element\" ><span class=\"vc_sep_holder vc_sep_holder_l\"><span class=\"vc_sep_line\"><\/span><\/span><span class=\"vc_sep_holder vc_sep_holder_r\"><span class=\"vc_sep_line\"><\/span><\/span>\n<\/div><\/div><\/div><\/div><\/div><div class=\"vc_row wpb_row vc_row-fluid\"><div class=\"wpb_column vc_column_container vc_col-sm-12 vc_col-lg-offset-0 vc_col-lg-12 vc_col-md-offset-0 vc_col-md-12 vc_col-sm-offset-0 vc_col-xs-12\"><div class=\"vc_column-inner vc_custom_1694554684042\"><div class=\"wpb_wrapper\">\n\t<div class=\"wpb_raw_code wpb_raw_html wpb_content_element\" >\n\t\t<div class=\"wpb_wrapper\">\n\t\t\t<div style=\"margin-top: -40px;\"><script type=\"text\/javascript\">\nvar refer = \"\"\n    var url = window.location.href.split('?')\n    var mainUrl = url[0]\n    if (url[1]){\n        var queryPieces = url[1].split('=').join('#').split('#')\n        for (let i = 0; i < queryPieces.length; i++){\n            if (queryPieces[i] == \"refer\"){\n                refer = queryPieces[i + 1]\n            }\n        }\n    }\n    var ss_form = {'account': 'MzawMLEwsjQwBwA', 'formID': 'BcGBDQAgCAOwi5YwmP4jOP8_wZapitsb9BhyGZ1TEEcrXt9DfQ'};\n    ss_form.width = '90%';\n    ss_form.domain = 'app-3QNN1W8PLE.marketingautomation.services';\nss_form.hidden = {'field_3896638467': mainUrl, 'field_200000006243331': refer};\n<\/script>\n<script type=\"text\/javascript\" src=\"https:\/\/koi-3QNN1W8PLE.marketingautomation.services\/client\/form.js?ver=2.0.1\"><\/script><\/div>\n\t\t<\/div>\n\t<\/div>\n<\/div><\/div><\/div><\/div>\n<\/div>","protected":false},"excerpt":{"rendered":"El clip para cajas con enclavamiento HP603 se utiliza para asegurar cajas de cart\u00f3n ondulado de doble pared y facilitar y agilizar el acceso y la extracci\u00f3n del contenido de la caja. Cuenta con un enclavamiento y una extensi\u00f3n<p><a class=\"moretag\" href=\"https:\/\/www.allenfield.com\/es\/video-gallery\/what-is-a-fixed-paddle-box-clip\/\"> Seguir leyendo...<\/a><\/p>","protected":false},"author":10,"featured_media":9113,"parent":9148,"menu_order":0,"comment_status":"closed","ping_status":"closed","template":"","meta":{"_acf_changed":false,"inline_featured_image":false,"footnotes":""},"class_list":["post-9190","page","type-page","status-publish","has-post-thumbnail","hentry"],"acf":[],"yoast_head":"<!-- This site is optimized with the Yoast SEO Premium plugin v27.5 (Yoast SEO v27.5) - https:\/\/yoast.com\/product\/yoast-seo-premium-wordpress\/ -->\n<title>What Is a Fixed Paddle Box Clip? | Allen Field<\/title>\n<meta name=\"description\" content=\"Learn about the Fixed Paddle Box Clip from Allen Field, a reliable solution for securing box flaps and ensuring product safety during transit.\" \/>\n<meta name=\"robots\" content=\"index, follow, max-snippet:-1, max-image-preview:large, max-video-preview:-1\" \/>\n<link rel=\"canonical\" href=\"https:\/\/www.allenfield.com\/es\/video-gallery\/what-is-a-fixed-paddle-box-clip\/\" \/>\n<meta property=\"og:locale\" content=\"es_MX\" \/>\n<meta property=\"og:type\" content=\"article\" \/>\n<meta property=\"og:title\" content=\"What Is a Fixed Paddle Box Clip?\" \/>\n<meta property=\"og:description\" content=\"Learn about the Fixed Paddle Box Clip from Allen Field, a reliable solution for securing box flaps and ensuring product safety during transit.\" \/>\n<meta property=\"og:url\" content=\"https:\/\/www.allenfield.com\/es\/video-gallery\/what-is-a-fixed-paddle-box-clip\/\" \/>\n<meta property=\"og:site_name\" content=\"Allen Field\" \/>\n<meta property=\"article:publisher\" content=\"https:\/\/www.facebook.com\/AllenFieldCompany\" \/>\n<meta property=\"article:modified_time\" content=\"2024-07-18T16:01:21+00:00\" \/>\n<meta property=\"og:image\" content=\"https:\/\/www.allenfield.com\/wp-content\/uploads\/2023\/09\/af-video-thumb-17.png\" \/>\n\t<meta property=\"og:image:width\" content=\"874\" \/>\n\t<meta property=\"og:image:height\" content=\"492\" \/>\n\t<meta property=\"og:image:type\" content=\"image\/png\" \/>\n<meta name=\"twitter:card\" content=\"summary_large_image\" \/>\n<meta name=\"twitter:site\" content=\"@AllenField\" \/>\n<script type=\"application\/ld+json\" class=\"yoast-schema-graph\">{\"@context\":\"https:\\\/\\\/schema.org\",\"@graph\":[{\"@type\":\"WebPage\",\"@id\":\"https:\\\/\\\/www.allenfield.com\\\/video-gallery\\\/what-is-a-fixed-paddle-box-clip\\\/\",\"url\":\"https:\\\/\\\/www.allenfield.com\\\/video-gallery\\\/what-is-a-fixed-paddle-box-clip\\\/\",\"name\":\"What Is a Fixed Paddle Box Clip? | Allen Field\",\"isPartOf\":{\"@id\":\"https:\\\/\\\/www.allenfield.com\\\/#website\"},\"primaryImageOfPage\":{\"@id\":\"https:\\\/\\\/www.allenfield.com\\\/video-gallery\\\/what-is-a-fixed-paddle-box-clip\\\/#primaryimage\"},\"image\":{\"@id\":\"https:\\\/\\\/www.allenfield.com\\\/video-gallery\\\/what-is-a-fixed-paddle-box-clip\\\/#primaryimage\"},\"thumbnailUrl\":\"https:\\\/\\\/www.allenfield.com\\\/wp-content\\\/uploads\\\/2023\\\/09\\\/af-video-thumb-17.png\",\"datePublished\":\"2023-09-12T14:50:00+00:00\",\"dateModified\":\"2024-07-18T16:01:21+00:00\",\"description\":\"Learn about the Fixed Paddle Box Clip from Allen Field, a reliable solution for securing box flaps and ensuring product safety during transit.\",\"breadcrumb\":{\"@id\":\"https:\\\/\\\/www.allenfield.com\\\/video-gallery\\\/what-is-a-fixed-paddle-box-clip\\\/#breadcrumb\"},\"inLanguage\":\"es\",\"potentialAction\":[{\"@type\":\"ReadAction\",\"target\":[\"https:\\\/\\\/www.allenfield.com\\\/video-gallery\\\/what-is-a-fixed-paddle-box-clip\\\/\"]}]},{\"@type\":\"ImageObject\",\"inLanguage\":\"es\",\"@id\":\"https:\\\/\\\/www.allenfield.com\\\/video-gallery\\\/what-is-a-fixed-paddle-box-clip\\\/#primaryimage\",\"url\":\"https:\\\/\\\/www.allenfield.com\\\/wp-content\\\/uploads\\\/2023\\\/09\\\/af-video-thumb-17.png\",\"contentUrl\":\"https:\\\/\\\/www.allenfield.com\\\/wp-content\\\/uploads\\\/2023\\\/09\\\/af-video-thumb-17.png\",\"width\":874,\"height\":492,\"caption\":\"Thumbnail of interlock box clips securing a box\"},{\"@type\":\"BreadcrumbList\",\"@id\":\"https:\\\/\\\/www.allenfield.com\\\/video-gallery\\\/what-is-a-fixed-paddle-box-clip\\\/#breadcrumb\",\"itemListElement\":[{\"@type\":\"ListItem\",\"position\":1,\"name\":\"Home\",\"item\":\"https:\\\/\\\/www.allenfield.com\\\/\"},{\"@type\":\"ListItem\",\"position\":2,\"name\":\"Video Gallery\",\"item\":\"https:\\\/\\\/www.allenfield.com\\\/video-gallery\\\/\"},{\"@type\":\"ListItem\",\"position\":3,\"name\":\"What Is a Fixed Paddle Box Clip?\"}]},{\"@type\":\"WebSite\",\"@id\":\"https:\\\/\\\/www.allenfield.com\\\/#website\",\"url\":\"https:\\\/\\\/www.allenfield.com\\\/\",\"name\":\"Allen Field\",\"description\":\"Simply Brilliant Packaging Components\",\"publisher\":{\"@id\":\"https:\\\/\\\/www.allenfield.com\\\/#organization\"},\"potentialAction\":[{\"@type\":\"SearchAction\",\"target\":{\"@type\":\"EntryPoint\",\"urlTemplate\":\"https:\\\/\\\/www.allenfield.com\\\/?s={search_term_string}\"},\"query-input\":{\"@type\":\"PropertyValueSpecification\",\"valueRequired\":true,\"valueName\":\"search_term_string\"}}],\"inLanguage\":\"es\"},{\"@type\":\"Organization\",\"@id\":\"https:\\\/\\\/www.allenfield.com\\\/#organization\",\"name\":\"Allen Field\",\"url\":\"https:\\\/\\\/www.allenfield.com\\\/\",\"logo\":{\"@type\":\"ImageObject\",\"inLanguage\":\"es\",\"@id\":\"https:\\\/\\\/www.allenfield.com\\\/#\\\/schema\\\/logo\\\/image\\\/\",\"url\":\"https:\\\/\\\/www.allenfield.com\\\/wp-content\\\/uploads\\\/2022\\\/06\\\/allenfield-logo-2022.svg\",\"contentUrl\":\"https:\\\/\\\/www.allenfield.com\\\/wp-content\\\/uploads\\\/2022\\\/06\\\/allenfield-logo-2022.svg\",\"width\":\"1024\",\"height\":\"1024\",\"caption\":\"Allen Field\"},\"image\":{\"@id\":\"https:\\\/\\\/www.allenfield.com\\\/#\\\/schema\\\/logo\\\/image\\\/\"},\"sameAs\":[\"https:\\\/\\\/www.facebook.com\\\/AllenFieldCompany\",\"https:\\\/\\\/x.com\\\/AllenField\",\"https:\\\/\\\/www.linkedin.com\\\/company\\\/allen-field-company-inc.\",\"https:\\\/\\\/www.pinterest.com\\\/allenfieldco\\\/\",\"https:\\\/\\\/www.youtube.com\\\/channel\\\/UCb_ZBB7DJCTkgvRMoqJy-TQ\"],\"description\":\"Allen Field designs and supplies innovative, high-quality packaging components\u2014plastic handles, box-connecting clips, wheels, and display hardware\u2014backed by in-house engineering. Sustainable options include biodegradable, reusable, and recycled-content plastics, plus fully recyclable, all-natural paper\\\/Kraft. With global reach, deep inventory, and custom design, we help brands streamline packaging, cut waste, and elevate presentation.\",\"email\":\"info@allenfield.com\",\"telephone\":\"800-535-0810\",\"foundingDate\":\"1945-08-30\",\"numberOfEmployees\":{\"@type\":\"QuantitativeValue\",\"minValue\":\"11\",\"maxValue\":\"50\"}}]}<\/script>\n<!-- \/ Yoast SEO Premium plugin. -->","yoast_head_json":{"title":"\u00bfQu\u00e9 es un clip de caja de palas fijas? | Allen Field","description":"Conozca el Clip de Caja de Pala Fija de Allen Field, una soluci\u00f3n fiable para asegurar las solapas de las cajas y garantizar la seguridad del producto durante el transporte.","robots":{"index":"index","follow":"follow","max-snippet":"max-snippet:-1","max-image-preview":"max-image-preview:large","max-video-preview":"max-video-preview:-1"},"canonical":"https:\/\/www.allenfield.com\/es\/video-gallery\/what-is-a-fixed-paddle-box-clip\/","og_locale":"es_MX","og_type":"article","og_title":"What Is a Fixed Paddle Box Clip?","og_description":"Learn about the Fixed Paddle Box Clip from Allen Field, a reliable solution for securing box flaps and ensuring product safety during transit.","og_url":"https:\/\/www.allenfield.com\/es\/video-gallery\/what-is-a-fixed-paddle-box-clip\/","og_site_name":"Allen Field","article_publisher":"https:\/\/www.facebook.com\/AllenFieldCompany","article_modified_time":"2024-07-18T16:01:21+00:00","og_image":[{"width":874,"height":492,"url":"https:\/\/www.allenfield.com\/wp-content\/uploads\/2023\/09\/af-video-thumb-17.png","type":"image\/png"}],"twitter_card":"summary_large_image","twitter_site":"@AllenField","schema":{"@context":"https:\/\/schema.org","@graph":[{"@type":"WebPage","@id":"https:\/\/www.allenfield.com\/video-gallery\/what-is-a-fixed-paddle-box-clip\/","url":"https:\/\/www.allenfield.com\/video-gallery\/what-is-a-fixed-paddle-box-clip\/","name":"\u00bfQu\u00e9 es un clip de caja de palas fijas? | Allen Field","isPartOf":{"@id":"https:\/\/www.allenfield.com\/#website"},"primaryImageOfPage":{"@id":"https:\/\/www.allenfield.com\/video-gallery\/what-is-a-fixed-paddle-box-clip\/#primaryimage"},"image":{"@id":"https:\/\/www.allenfield.com\/video-gallery\/what-is-a-fixed-paddle-box-clip\/#primaryimage"},"thumbnailUrl":"https:\/\/www.allenfield.com\/wp-content\/uploads\/2023\/09\/af-video-thumb-17.png","datePublished":"2023-09-12T14:50:00+00:00","dateModified":"2024-07-18T16:01:21+00:00","description":"Conozca el Clip de Caja de Pala Fija de Allen Field, una soluci\u00f3n fiable para asegurar las solapas de las cajas y garantizar la seguridad del producto durante el transporte.","breadcrumb":{"@id":"https:\/\/www.allenfield.com\/video-gallery\/what-is-a-fixed-paddle-box-clip\/#breadcrumb"},"inLanguage":"es","potentialAction":[{"@type":"ReadAction","target":["https:\/\/www.allenfield.com\/video-gallery\/what-is-a-fixed-paddle-box-clip\/"]}]},{"@type":"ImageObject","inLanguage":"es","@id":"https:\/\/www.allenfield.com\/video-gallery\/what-is-a-fixed-paddle-box-clip\/#primaryimage","url":"https:\/\/www.allenfield.com\/wp-content\/uploads\/2023\/09\/af-video-thumb-17.png","contentUrl":"https:\/\/www.allenfield.com\/wp-content\/uploads\/2023\/09\/af-video-thumb-17.png","width":874,"height":492,"caption":"Thumbnail of interlock box clips securing a box"},{"@type":"BreadcrumbList","@id":"https:\/\/www.allenfield.com\/video-gallery\/what-is-a-fixed-paddle-box-clip\/#breadcrumb","itemListElement":[{"@type":"ListItem","position":1,"name":"Home","item":"https:\/\/www.allenfield.com\/"},{"@type":"ListItem","position":2,"name":"Video Gallery","item":"https:\/\/www.allenfield.com\/video-gallery\/"},{"@type":"ListItem","position":3,"name":"What Is a Fixed Paddle Box Clip?"}]},{"@type":"WebSite","@id":"https:\/\/www.allenfield.com\/#website","url":"https:\/\/www.allenfield.com\/","name":"Campo Allen","description":"Componentes de envasado Simply Brilliant","publisher":{"@id":"https:\/\/www.allenfield.com\/#organization"},"potentialAction":[{"@type":"SearchAction","target":{"@type":"EntryPoint","urlTemplate":"https:\/\/www.allenfield.com\/?s={search_term_string}"},"query-input":{"@type":"PropertyValueSpecification","valueRequired":true,"valueName":"search_term_string"}}],"inLanguage":"es"},{"@type":"Organization","@id":"https:\/\/www.allenfield.com\/#organization","name":"Campo Allen","url":"https:\/\/www.allenfield.com\/","logo":{"@type":"ImageObject","inLanguage":"es","@id":"https:\/\/www.allenfield.com\/#\/schema\/logo\/image\/","url":"https:\/\/www.allenfield.com\/wp-content\/uploads\/2022\/06\/allenfield-logo-2022.svg","contentUrl":"https:\/\/www.allenfield.com\/wp-content\/uploads\/2022\/06\/allenfield-logo-2022.svg","width":"1024","height":"1024","caption":"Allen Field"},"image":{"@id":"https:\/\/www.allenfield.com\/#\/schema\/logo\/image\/"},"sameAs":["https:\/\/www.facebook.com\/AllenFieldCompany","https:\/\/x.com\/AllenField","https:\/\/www.linkedin.com\/company\/allen-field-company-inc.","https:\/\/www.pinterest.com\/allenfieldco\/","https:\/\/www.youtube.com\/channel\/UCb_ZBB7DJCTkgvRMoqJy-TQ"],"description":"Allen Field dise\u00f1a y suministra componentes de embalaje innovadores y de alta calidad -asas de pl\u00e1stico, clips de conexi\u00f3n de cajas, ruedas y herrajes de exposici\u00f3n- respaldados por ingenier\u00eda propia. Las opciones sostenibles incluyen pl\u00e1sticos biodegradables, reutilizables y de contenido reciclado, adem\u00e1s de papel\/Kraft totalmente reciclable y natural. Con un alcance global, un amplio inventario y un dise\u00f1o personalizado, ayudamos a las marcas a racionalizar los envases, reducir los residuos y mejorar la presentaci\u00f3n.","email":"info@allenfield.com","telephone":"800-535-0810","foundingDate":"1945-08-30","numberOfEmployees":{"@type":"QuantitativeValue","minValue":"11","maxValue":"50"}}]}},"_links":{"self":[{"href":"https:\/\/www.allenfield.com\/es\/wp-json\/wp\/v2\/pages\/9190","targetHints":{"allow":["GET"]}}],"collection":[{"href":"https:\/\/www.allenfield.com\/es\/wp-json\/wp\/v2\/pages"}],"about":[{"href":"https:\/\/www.allenfield.com\/es\/wp-json\/wp\/v2\/types\/page"}],"author":[{"embeddable":true,"href":"https:\/\/www.allenfield.com\/es\/wp-json\/wp\/v2\/users\/10"}],"replies":[{"embeddable":true,"href":"https:\/\/www.allenfield.com\/es\/wp-json\/wp\/v2\/comments?post=9190"}],"version-history":[{"count":0,"href":"https:\/\/www.allenfield.com\/es\/wp-json\/wp\/v2\/pages\/9190\/revisions"}],"up":[{"embeddable":true,"href":"https:\/\/www.allenfield.com\/es\/wp-json\/wp\/v2\/pages\/9148"}],"wp:featuredmedia":[{"embeddable":true,"href":"https:\/\/www.allenfield.com\/es\/wp-json\/wp\/v2\/media\/9113"}],"wp:attachment":[{"href":"https:\/\/www.allenfield.com\/es\/wp-json\/wp\/v2\/media?parent=9190"}],"curies":[{"name":"wp","href":"https:\/\/api.w.org\/{rel}","templated":true}]}}